{"id":1247,"date":"2019-10-01T08:38:45","date_gmt":"2019-10-01T05:38:45","guid":{"rendered":"https:\/\/nexglobal.com.tr\/iletisim\/"},"modified":"2022-05-11T12:21:10","modified_gmt":"2022-05-11T09:21:10","slug":"iletisim","status":"publish","type":"page","link":"https:\/\/nexglobal.com.tr\/tr\/iletisim\/","title":{"rendered":"\u0130leti\u015fim"},"content":{"rendered":"\t\t<div data-elementor-type=\"wp-post\" data-elementor-id=\"1247\" class=\"elementor elementor-1247\" data-elementor-settings=\"[]\">\n\t\t\t\t\t\t<div class=\"elementor-inner\">\n\t\t\t\t\t\t\t<div class=\"elementor-section-wrap\">\n\t\t\t\t\t\t\t<section class=\"elementor-section elementor-top-section elementor-element elementor-element-6c667d7 elementor-section-full_width elementor-section-height-default elementor-section-height-default\" data-id=\"6c667d7\" data-element_type=\"section\">\n\t\t\t\t\t\t<div class=\"elementor-container elementor-column-gap-no\">\n\t\t\t\t\t\t\t<div class=\"elementor-row\">\n\t\t\t\t\t<div class=\"elementor-column elementor-col-100 elementor-top-column elementor-element elementor-element-f8ee751\" data-id=\"f8ee751\" data-element_type=\"column\">\n\t\t\t<div class=\"elementor-column-wrap elementor-element-populated\">\n\t\t\t\t\t\t\t<div class=\"elementor-widget-wrap\">\n\t\t\t\t\t\t<div class=\"elementor-element elementor-element-8b8b443 elementor-align-left elementor-widget elementor-widget-bdevs-banner\" data-id=\"8b8b443\" data-element_type=\"widget\" data-widget_type=\"bdevs-banner.default\">\n\t\t\t\t<div class=\"elementor-widget-container\">\n\t\t\t\t\t\r\n        <!-- breadcrumb begin -->\r\n        <div class=\"breadcrumb-ind\" style=\"background: url(https:\/\/nexglobal.com.tr\/wp-content\/uploads\/2022\/03\/bg_2.jpg) center center no-repeat; background-size: cover;\">\r\n            <div class=\"container\">\r\n                <div class=\"row\">\r\n                    <div class=\"col-xl-6 col-lg-6\">\r\n                        <div class=\"breadcrumb-content\">\r\n                        \t                            <h2>\u0130leti\u015fim<\/h2>\r\n                                                                                    <ul>\r\n                                <li>\u0130leti\u015fim<\/li>\r\n                            <\/ul>\r\n                                                    <\/div>\r\n                    <\/div>\r\n                <\/div>\r\n            <\/div>\r\n        <\/div>\r\n        <!-- breadcrumb end -->\r\n\t\t\t<\/div>\n\t\t\t\t<\/div>\n\t\t\t\t\t\t<\/div>\n\t\t\t\t\t<\/div>\n\t\t<\/div>\n\t\t\t\t\t\t\t\t<\/div>\n\t\t\t\t\t<\/div>\n\t\t<\/section>\n\t\t\t\t<section class=\"elementor-section elementor-top-section elementor-element elementor-element-660d99d elementor-section-boxed elementor-section-height-default elementor-section-height-default\" data-id=\"660d99d\" data-element_type=\"section\">\n\t\t\t\t\t\t<div class=\"elementor-container elementor-column-gap-no\">\n\t\t\t\t\t\t\t<div class=\"elementor-row\">\n\t\t\t\t\t<div class=\"elementor-column elementor-col-100 elementor-top-column elementor-element elementor-element-0cd09cd\" data-id=\"0cd09cd\" data-element_type=\"column\">\n\t\t\t<div class=\"elementor-column-wrap elementor-element-populated\">\n\t\t\t\t\t\t\t<div class=\"elementor-widget-wrap\">\n\t\t\t\t\t\t<div class=\"elementor-element elementor-element-c71fc75 elementor-align-left elementor-widget elementor-widget-bdevs-contact\" data-id=\"c71fc75\" data-element_type=\"widget\" data-widget_type=\"bdevs-contact.default\">\n\t\t\t\t<div class=\"elementor-widget-container\">\n\t\t\t\t   \t        <!-- contact section begin -->\n        <div class=\"contact-section\">\n            <div class=\"container\">\n                <div class=\"row\">\n                    <div class=\"col-xl-12 col-lg-12\">\n                        <div class=\"address-area\">\n                            <div class=\"row\">\n                            \t\t\t\t\t\t\t\t\t\t\t\t\t\t\t\t\t                                <div class=\"col-xl-4 col-lg-4 col-md-6\">\n                                    <div class=\"single-address-card\">\n                                        <div class=\"part-icon\">\n                                            <img src=\"https:\/\/nexglobal.com.tr\/wp-content\/uploads\/2022\/03\/phone-call.png\" alt=\"\">\n                                        <\/div>\n                                        <div class=\"part-text\">\n                                            <span class=\"title\">Bizi Aray\u0131n:<\/span>\n                                            <span class=\"info\">+90 236 503 40 00<\/span>\n                                        <\/div>\n                                    <\/div>\n                                <\/div>\n                                \t\t\t\t\t\t\t\t\t\t\t\t\t\t\t\t                                <div class=\"col-xl-4 col-lg-4 col-md-6\">\n                                    <div class=\"single-address-card\">\n                                        <div class=\"part-icon\">\n                                            <img src=\"https:\/\/nexglobal.com.tr\/wp-content\/uploads\/2022\/03\/email.png\" alt=\"\">\n                                        <\/div>\n                                        <div class=\"part-text\">\n                                            <span class=\"title\">Bize Yaz\u0131n:<\/span>\n                                            <span class=\"info\">info@nexglobal.com.tr<\/span>\n                                        <\/div>\n                                    <\/div>\n                                <\/div>\n                                \t\t\t\t\t\t\t\t\t\t\t\t\t\t\t\t                                <div class=\"col-xl-4 col-lg-4 col-md-6\">\n                                    <div class=\"single-address-card\">\n                                        <div class=\"part-icon\">\n                                            <img src=\"https:\/\/nexglobal.com.tr\/wp-content\/uploads\/2022\/03\/placeholder.png\" alt=\"\">\n                                        <\/div>\n                                        <div class=\"part-text\">\n                                            <span class=\"title\">Ofis Adresimiz<\/span>\n                                            <span class=\"info\">Muradiye Mahallesi 2. Sokak No:41 Desen Rezidans Kat:4 Daire:46 Yunusemre\/Manisa - T\u00dcRK\u0130YE<\/span>\n                                        <\/div>\n                                    <\/div>\n                                <\/div>\n                                                            <\/div>\n                        <\/div>\n                    <\/div>\n                    <div class=\"col-xl-6 col-lg-6\">\n                        <div class=\"contact-form\">\n                        \t                            <h3><span class=\"marked\">Dan\u0131\u015fman\u0131m\u0131z<\/span> ile randevu almak i\u00e7in ileti\u015fime ge\u00e7in<\/h3>\n                                                        <div role=\"form\" class=\"wpcf7\" id=\"wpcf7-f306-o1\" lang=\"en-US\" dir=\"ltr\">\n<div class=\"screen-reader-response\"><p role=\"status\" aria-live=\"polite\" aria-atomic=\"true\"><\/p> <ul><\/ul><\/div>\n<form action=\"\/tr\/wp-json\/wp\/v2\/pages\/1247#wpcf7-f306-o1\" method=\"post\" class=\"wpcf7-form init\" novalidate=\"novalidate\" data-status=\"init\">\n<div style=\"display: none;\">\n<input type=\"hidden\" name=\"_wpcf7\" value=\"306\" \/>\n<input type=\"hidden\" name=\"_wpcf7_version\" value=\"5.5.6\" \/>\n<input type=\"hidden\" name=\"_wpcf7_locale\" value=\"en_US\" \/>\n<input type=\"hidden\" name=\"_wpcf7_unit_tag\" value=\"wpcf7-f306-o1\" \/>\n<input type=\"hidden\" name=\"_wpcf7_container_post\" value=\"0\" \/>\n<input type=\"hidden\" name=\"_wpcf7_posted_data_hash\" value=\"\" \/>\n<\/div>\n<div>\n    <span class=\"wpcf7-form-control-wrap name\"><input type=\"text\" name=\"name\" value=\"\" size=\"40\" class=\"wpcf7-form-control wpcf7-text wpcf7-validates-as-required\" id=\"name\" aria-required=\"true\" aria-invalid=\"false\" placeholder=\"Full Name *\" \/><\/span><br \/>\n    <span class=\"wpcf7-form-control-wrap email\"><input type=\"email\" name=\"email\" value=\"\" size=\"40\" class=\"wpcf7-form-control wpcf7-text wpcf7-email wpcf7-validates-as-required wpcf7-validates-as-email\" id=\"email\" aria-required=\"true\" aria-invalid=\"false\" placeholder=\"Email *\" \/><\/span><br \/>\n    <span class=\"wpcf7-form-control-wrap message\"><textarea name=\"message\" cols=\"40\" rows=\"10\" class=\"wpcf7-form-control wpcf7-textarea wpcf7-validates-as-required\" id=\"message\" aria-required=\"true\" aria-invalid=\"false\" placeholder=\"Your Message\"><\/textarea><\/span><br \/>\n    <input type=\"submit\" value=\"Submit\" class=\"wpcf7-form-control has-spinner wpcf7-submit\" \/>\n<\/div>\n<div class=\"wpcf7-response-output\" aria-hidden=\"true\"><\/div><\/form><\/div>                        <\/div>\n                    <\/div>\n                    <div class=\"col-xl-6 col-lg-6\">\n                        <iframe loading=\"lazy\" src=\"https:\/\/www.google.com\/maps\/embed?pb=!1m18!1m12!1m3!1d1558.0653822747292!2d27.353568658376336!3d38.64587349490253!2m3!1f0!2f0!3f0!3m2!1i1024!2i768!4f13.1!3m3!1m2!1s0x14b98356ed2600c7%3A0x3c99f8f4674e80e3!2sMuradiye%2C%202.%20Sk.%2C%2045140%20Yunusemre%2FManisa!5e0!3m2!1str!2str!4v1647931516648!5m2!1str!2str\" width=\"540\" height=\"580\" frameborder=\"0\" style=\"border:0;\" allowfullscreen=\"\"><\/iframe>\n                    <\/div>\n                <\/div>\n            <\/div>\n        <\/div>\n        <!-- contact section end -->\n        \t\n        \t\n\t\t\t<\/div>\n\t\t\t\t<\/div>\n\t\t\t\t\t\t<\/div>\n\t\t\t\t\t<\/div>\n\t\t<\/div>\n\t\t\t\t\t\t\t\t<\/div>\n\t\t\t\t\t<\/div>\n\t\t<\/section>\n\t\t\t\t\t\t<\/div>\n\t\t\t\t\t\t<\/div>\n\t\t\t\t\t<\/div>\n\t\t","protected":false},"excerpt":{"rendered":"<p>\u0130leti\u015fim \u0130leti\u015fim Bizi Aray\u0131n: +90 236 503 40 00 Bize Yaz\u0131n: info@nexglobal.com.tr Ofis Adresimiz Muradiye Mahallesi 2. Sokak No:41 Desen Rezidans Kat:4 Daire:46 Yunusemre\/Manisa &#8211; T\u00dcRK\u0130YE Dan\u0131\u015fman\u0131m\u0131z ile randevu almak i\u00e7in ileti\u015fime ge\u00e7in<\/p>\n","protected":false},"author":1,"featured_media":0,"parent":0,"menu_order":0,"comment_status":"closed","ping_status":"closed","template":"page-templates\/home-2.php","meta":[],"_links":{"self":[{"href":"https:\/\/nexglobal.com.tr\/tr\/wp-json\/wp\/v2\/pages\/1247"}],"collection":[{"href":"https:\/\/nexglobal.com.tr\/tr\/wp-json\/wp\/v2\/pages"}],"about":[{"href":"https:\/\/nexglobal.com.tr\/tr\/wp-json\/wp\/v2\/types\/page"}],"author":[{"embeddable":true,"href":"https:\/\/nexglobal.com.tr\/tr\/wp-json\/wp\/v2\/users\/1"}],"replies":[{"embeddable":true,"href":"https:\/\/nexglobal.com.tr\/tr\/wp-json\/wp\/v2\/comments?post=1247"}],"version-history":[{"count":3,"href":"https:\/\/nexglobal.com.tr\/tr\/wp-json\/wp\/v2\/pages\/1247\/revisions"}],"predecessor-version":[{"id":1250,"href":"https:\/\/nexglobal.com.tr\/tr\/wp-json\/wp\/v2\/pages\/1247\/revisions\/1250"}],"wp:attachment":[{"href":"https:\/\/nexglobal.com.tr\/tr\/wp-json\/wp\/v2\/media?parent=1247"}],"curies":[{"name":"wp","href":"https:\/\/api.w.org\/{rel}","templated":true}]}}