{"id":1251,"date":"2022-03-22T11:08:43","date_gmt":"2022-03-22T08:08:43","guid":{"rendered":"https:\/\/nexglobal.com.tr\/uretim\/"},"modified":"2022-05-11T12:30:20","modified_gmt":"2022-05-11T09:30:20","slug":"uretim","status":"publish","type":"page","link":"https:\/\/nexglobal.com.tr\/tr\/uretim\/","title":{"rendered":"\u00dcretim"},"content":{"rendered":"\t\t<div data-elementor-type=\"wp-page\" data-elementor-id=\"1251\" class=\"elementor elementor-1251\" data-elementor-settings=\"[]\">\n\t\t\t\t\t\t<div class=\"elementor-inner\">\n\t\t\t\t\t\t\t<div class=\"elementor-section-wrap\">\n\t\t\t\t\t\t\t<section class=\"elementor-section elementor-top-section elementor-element elementor-element-41ce9de elementor-section-full_width elementor-section-height-default elementor-section-height-default\" data-id=\"41ce9de\" data-element_type=\"section\">\n\t\t\t\t\t\t<div class=\"elementor-container elementor-column-gap-no\">\n\t\t\t\t\t\t\t<div class=\"elementor-row\">\n\t\t\t\t\t<div class=\"elementor-column elementor-col-100 elementor-top-column elementor-element elementor-element-82900c7\" data-id=\"82900c7\" data-element_type=\"column\">\n\t\t\t<div class=\"elementor-column-wrap elementor-element-populated\">\n\t\t\t\t\t\t\t<div class=\"elementor-widget-wrap\">\n\t\t\t\t\t\t<div class=\"elementor-element elementor-element-54ea81e elementor-align-left elementor-widget elementor-widget-bdevs-banner\" data-id=\"54ea81e\" data-element_type=\"widget\" data-widget_type=\"bdevs-banner.default\">\n\t\t\t\t<div class=\"elementor-widget-container\">\n\t\t\t\t\t\r\n        <!-- breadcrumb begin -->\r\n        <div class=\"breadcrumb-ind\" style=\"background: url(https:\/\/nexglobal.com.tr\/wp-content\/uploads\/2022\/03\/bg_2.jpg) center center no-repeat; background-size: cover;\">\r\n            <div class=\"container\">\r\n                <div class=\"row\">\r\n                    <div class=\"col-xl-6 col-lg-6\">\r\n                        <div class=\"breadcrumb-content\">\r\n                        \t                            <h2>Production<\/h2>\r\n                                                                                    <ul>\r\n                                <li>NEX Global Co.<\/li>\r\n                            <\/ul>\r\n                                                    <\/div>\r\n                    <\/div>\r\n                <\/div>\r\n            <\/div>\r\n        <\/div>\r\n        <!-- breadcrumb end -->\r\n\t\t\t<\/div>\n\t\t\t\t<\/div>\n\t\t\t\t\t\t<\/div>\n\t\t\t\t\t<\/div>\n\t\t<\/div>\n\t\t\t\t\t\t\t\t<\/div>\n\t\t\t\t\t<\/div>\n\t\t<\/section>\n\t\t\t\t<section class=\"elementor-section elementor-top-section elementor-element elementor-element-59568e6 elementor-section-boxed elementor-section-height-default elementor-section-height-default\" data-id=\"59568e6\" data-element_type=\"section\" data-settings=\"{&quot;background_background&quot;:&quot;classic&quot;}\">\n\t\t\t\t\t\t<div class=\"elementor-container elementor-column-gap-default\">\n\t\t\t\t\t\t\t<div class=\"elementor-row\">\n\t\t\t\t\t<div class=\"elementor-column elementor-col-33 elementor-top-column elementor-element elementor-element-89fa392\" data-id=\"89fa392\" data-element_type=\"column\">\n\t\t\t<div class=\"elementor-column-wrap elementor-element-populated\">\n\t\t\t\t\t\t\t<div class=\"elementor-widget-wrap\">\n\t\t\t\t\t\t<div class=\"elementor-element elementor-element-c82058b elementor-position-top elementor-vertical-align-top elementor-widget elementor-widget-image-box\" data-id=\"c82058b\" data-element_type=\"widget\" data-widget_type=\"image-box.default\">\n\t\t\t\t<div class=\"elementor-widget-container\">\n\t\t\t<div class=\"elementor-image-box-wrapper\"><figure class=\"elementor-image-box-img\"><a href=\"\/service\/plastic-injection-moulding\/\"><img width=\"1920\" height=\"1080\" src=\"https:\/\/nexglobal.com.tr\/wp-content\/uploads\/2022\/03\/bb1.jpg\" class=\"attachment-full size-full\" alt=\"\" loading=\"lazy\" \/><\/a><\/figure><div class=\"elementor-image-box-content\"><h3 class=\"elementor-image-box-title\"><a href=\"\/service\/plastic-injection-moulding\/\">Plastik Enjeksiyon Kal\u0131plama <\/a><\/h3><p class=\"elementor-image-box-description\">Enjeksiyon kal\u0131plama bir\u00e7ok ki\u015fi taraf\u0131ndan bir sanat olarak kabul edilir. NEX Plastic ise bu bilimi iyi biliyor.<\/p><\/div><\/div>\t\t<\/div>\n\t\t\t\t<\/div>\n\t\t\t\t\t\t<\/div>\n\t\t\t\t\t<\/div>\n\t\t<\/div>\n\t\t\t\t<div class=\"elementor-column elementor-col-33 elementor-top-column elementor-element elementor-element-ddf3df6\" data-id=\"ddf3df6\" data-element_type=\"column\">\n\t\t\t<div class=\"elementor-column-wrap elementor-element-populated\">\n\t\t\t\t\t\t\t<div class=\"elementor-widget-wrap\">\n\t\t\t\t\t\t<div class=\"elementor-element elementor-element-66cf80f elementor-position-top elementor-vertical-align-top elementor-widget elementor-widget-image-box\" data-id=\"66cf80f\" data-element_type=\"widget\" data-widget_type=\"image-box.default\">\n\t\t\t\t<div class=\"elementor-widget-container\">\n\t\t\t<div class=\"elementor-image-box-wrapper\"><figure class=\"elementor-image-box-img\"><a href=\"\/service\/plastic-tool-making\/\"><img width=\"1920\" height=\"1080\" src=\"https:\/\/nexglobal.com.tr\/wp-content\/uploads\/2022\/03\/bb2.jpg\" class=\"attachment-full size-full\" alt=\"\" loading=\"lazy\" \/><\/a><\/figure><div class=\"elementor-image-box-content\"><h3 class=\"elementor-image-box-title\"><a href=\"\/service\/plastic-tool-making\/\">Plastik Alet Yap\u0131m\u0131<\/a><\/h3><p class=\"elementor-image-box-description\">Alet yapma tesislerimizde her \u015feyden \u00f6nce profesyonelli\u011fi destekliyoruz, do\u011frulukta \u0131srar ediyoruz\u2026<\/p><\/div><\/div>\t\t<\/div>\n\t\t\t\t<\/div>\n\t\t\t\t\t\t<\/div>\n\t\t\t\t\t<\/div>\n\t\t<\/div>\n\t\t\t\t<div class=\"elementor-column elementor-col-33 elementor-top-column elementor-element elementor-element-04c22a5\" data-id=\"04c22a5\" data-element_type=\"column\">\n\t\t\t<div class=\"elementor-column-wrap elementor-element-populated\">\n\t\t\t\t\t\t\t<div class=\"elementor-widget-wrap\">\n\t\t\t\t\t\t<div class=\"elementor-element elementor-element-464b8f6 elementor-position-top elementor-vertical-align-top elementor-widget elementor-widget-image-box\" data-id=\"464b8f6\" data-element_type=\"widget\" data-widget_type=\"image-box.default\">\n\t\t\t\t<div class=\"elementor-widget-container\">\n\t\t\t<div class=\"elementor-image-box-wrapper\"><figure class=\"elementor-image-box-img\"><a href=\"\/service\/design-tool-part\/\"><img width=\"1920\" height=\"1080\" src=\"https:\/\/nexglobal.com.tr\/wp-content\/uploads\/2022\/03\/bb3.jpg\" class=\"attachment-full size-full\" alt=\"\" loading=\"lazy\" \/><\/a><\/figure><div class=\"elementor-image-box-content\"><h3 class=\"elementor-image-box-title\"><a href=\"\/service\/design-tool-part\/\">Tasar\u0131m (Ara\u00e7 ve Par\u00e7alar)<\/a><\/h3><p class=\"elementor-image-box-description\">Enjeksiyon kal\u0131plama ara\u00e7lar\u0131n\u0131 tasarlamak i\u00e7in tercih etti\u011fimiz y\u00f6ntem tam CAD ile \u00e7al\u0131\u015fmakt\u0131r<\/p><\/div><\/div>\t\t<\/div>\n\t\t\t\t<\/div>\n\t\t\t\t\t\t<\/div>\n\t\t\t\t\t<\/div>\n\t\t<\/div>\n\t\t\t\t\t\t\t\t<\/div>\n\t\t\t\t\t<\/div>\n\t\t<\/section>\n\t\t\t\t<section class=\"elementor-section elementor-top-section elementor-element elementor-element-cd0d7ce elementor-section-boxed elementor-section-height-default elementor-section-height-default\" data-id=\"cd0d7ce\" data-element_type=\"section\" data-settings=\"{&quot;background_background&quot;:&quot;classic&quot;}\">\n\t\t\t\t\t\t<div class=\"elementor-container elementor-column-gap-default\">\n\t\t\t\t\t\t\t<div class=\"elementor-row\">\n\t\t\t\t\t<div class=\"elementor-column elementor-col-33 elementor-top-column elementor-element elementor-element-d19639e\" data-id=\"d19639e\" data-element_type=\"column\">\n\t\t\t<div class=\"elementor-column-wrap elementor-element-populated\">\n\t\t\t\t\t\t\t<div class=\"elementor-widget-wrap\">\n\t\t\t\t\t\t<div class=\"elementor-element elementor-element-6af0521 elementor-position-top elementor-vertical-align-top elementor-widget elementor-widget-image-box\" data-id=\"6af0521\" data-element_type=\"widget\" data-widget_type=\"image-box.default\">\n\t\t\t\t<div class=\"elementor-widget-container\">\n\t\t\t<div class=\"elementor-image-box-wrapper\"><figure class=\"elementor-image-box-img\"><a href=\"\/service\/metal-tooling-stamping\/\"><img width=\"1920\" height=\"1080\" src=\"https:\/\/nexglobal.com.tr\/wp-content\/uploads\/2022\/03\/bb4.jpg\" class=\"attachment-full size-full\" alt=\"\" loading=\"lazy\" \/><\/a><\/figure><div class=\"elementor-image-box-content\"><h3 class=\"elementor-image-box-title\"><a href=\"\/service\/metal-tooling-stamping\/\">Metal \u0130\u015fleme ve Damgalama<\/a><\/h3><p class=\"elementor-image-box-description\">Fabrikam\u0131z, beyaz e\u015fya sekt\u00f6r\u00fcn\u00fcn lider firmalar\u0131n\u0131n en \u00f6nemli tedarik\u00e7isi konumuna gelmi\u015ftir...<\/p><\/div><\/div>\t\t<\/div>\n\t\t\t\t<\/div>\n\t\t\t\t\t\t<\/div>\n\t\t\t\t\t<\/div>\n\t\t<\/div>\n\t\t\t\t<div class=\"elementor-column elementor-col-33 elementor-top-column elementor-element elementor-element-90d2222\" data-id=\"90d2222\" data-element_type=\"column\">\n\t\t\t<div class=\"elementor-column-wrap\">\n\t\t\t\t\t\t\t<div class=\"elementor-widget-wrap\">\n\t\t\t\t\t\t\t\t<\/div>\n\t\t\t\t\t<\/div>\n\t\t<\/div>\n\t\t\t\t<div class=\"elementor-column elementor-col-33 elementor-top-column elementor-element elementor-element-7ce0373\" data-id=\"7ce0373\" data-element_type=\"column\">\n\t\t\t<div class=\"elementor-column-wrap\">\n\t\t\t\t\t\t\t<div class=\"elementor-widget-wrap\">\n\t\t\t\t\t\t\t\t<\/div>\n\t\t\t\t\t<\/div>\n\t\t<\/div>\n\t\t\t\t\t\t\t\t<\/div>\n\t\t\t\t\t<\/div>\n\t\t<\/section>\n\t\t\t\t\t\t<\/div>\n\t\t\t\t\t\t<\/div>\n\t\t\t\t\t<\/div>\n\t\t","protected":false},"excerpt":{"rendered":"<p>Production NEX Global Co. Plastik Enjeksiyon Kal\u0131plama Enjeksiyon kal\u0131plama bir\u00e7ok ki\u015fi taraf\u0131ndan bir sanat olarak kabul edilir. NEX Plastic ise bu bilimi iyi biliyor. Plastik Alet Yap\u0131m\u0131Alet yapma tesislerimizde her \u015feyden \u00f6nce profesyonelli\u011fi destekliyoruz, do\u011frulukta \u0131srar ediyoruz\u2026 Tasar\u0131m (Ara\u00e7 ve Par\u00e7alar)Enjeksiyon kal\u0131plama ara\u00e7lar\u0131n\u0131 tasarlamak i\u00e7in tercih etti\u011fimiz y\u00f6ntem tam CAD ile \u00e7al\u0131\u015fmakt\u0131r Metal \u0130\u015fleme ve [&hellip;]<\/p>\n","protected":false},"author":1,"featured_media":0,"parent":0,"menu_order":0,"comment_status":"closed","ping_status":"closed","template":"page-templates\/home-2.php","meta":[],"_links":{"self":[{"href":"https:\/\/nexglobal.com.tr\/tr\/wp-json\/wp\/v2\/pages\/1251"}],"collection":[{"href":"https:\/\/nexglobal.com.tr\/tr\/wp-json\/wp\/v2\/pages"}],"about":[{"href":"https:\/\/nexglobal.com.tr\/tr\/wp-json\/wp\/v2\/types\/page"}],"author":[{"embeddable":true,"href":"https:\/\/nexglobal.com.tr\/tr\/wp-json\/wp\/v2\/users\/1"}],"replies":[{"embeddable":true,"href":"https:\/\/nexglobal.com.tr\/tr\/wp-json\/wp\/v2\/comments?post=1251"}],"version-history":[{"count":3,"href":"https:\/\/nexglobal.com.tr\/tr\/wp-json\/wp\/v2\/pages\/1251\/revisions"}],"predecessor-version":[{"id":1254,"href":"https:\/\/nexglobal.com.tr\/tr\/wp-json\/wp\/v2\/pages\/1251\/revisions\/1254"}],"wp:attachment":[{"href":"https:\/\/nexglobal.com.tr\/tr\/wp-json\/wp\/v2\/media?parent=1251"}],"curies":[{"name":"wp","href":"https:\/\/api.w.org\/{rel}","templated":true}]}}